{"id":1345,"date":"2022-02-02T14:38:40","date_gmt":"2022-02-02T18:38:40","guid":{"rendered":"https:\/\/doctoracarmennavarro.com\/en\/?page_id=1345"},"modified":"2025-01-09T00:42:44","modified_gmt":"2025-01-09T04:42:44","slug":"privacy-policy","status":"publish","type":"page","link":"https:\/\/doctoracarmennavarro.com\/en\/privacy-policy\/","title":{"rendered":"Privacy-Policy"},"content":{"rendered":"\t\t<div data-elementor-type=\"wp-page\" data-elementor-id=\"1345\" class=\"elementor elementor-1345\" data-elementor-post-type=\"page\">\n\t\t\t\t\t\t<section class=\"elementor-section elementor-top-section elementor-element elementor-element-78470f0 elementor-section-boxed elementor-section-height-default elementor-section-height-default\" data-id=\"78470f0\" data-element_type=\"section\">\n\t\t\t\t\t\t<div class=\"elementor-container elementor-column-gap-default\">\n\t\t\t\t\t<div class=\"elementor-column elementor-col-100 elementor-top-column elementor-element elementor-element-6cbbf58\" data-id=\"6cbbf58\" data-element_type=\"column\">\n\t\t\t<div class=\"elementor-widget-wrap elementor-element-populated\">\n\t\t\t\t\t\t<div class=\"elementor-element elementor-element-a31ea96 elementor-widget elementor-widget-heading\" data-id=\"a31ea96\" data-element_type=\"widget\" data-widget_type=\"heading.default\">\n\t\t\t\t<div class=\"elementor-widget-container\">\n\t\t\t\t\t<span class=\"elementor-heading-title elementor-size-default\">Privacy Policy<\/span>\t\t\t\t<\/div>\n\t\t\t\t<\/div>\n\t\t\t\t\t<\/div>\n\t\t<\/div>\n\t\t\t\t\t<\/div>\n\t\t<\/section>\n\t\t\t\t<section class=\"elementor-section elementor-top-section elementor-element elementor-element-3c08d2c elementor-section-boxed elementor-section-height-default elementor-section-height-default\" data-id=\"3c08d2c\" data-element_type=\"section\">\n\t\t\t\t\t\t<div class=\"elementor-container elementor-column-gap-default\">\n\t\t\t\t\t<div class=\"elementor-column elementor-col-100 elementor-top-column elementor-element elementor-element-563b158\" data-id=\"563b158\" data-element_type=\"column\">\n\t\t\t<div class=\"elementor-widget-wrap elementor-element-populated\">\n\t\t\t\t\t\t<div class=\"elementor-element elementor-element-7ee32c2 elementor-widget elementor-widget-text-editor\" data-id=\"7ee32c2\" data-element_type=\"widget\" data-widget_type=\"text-editor.default\">\n\t\t\t\t<div class=\"elementor-widget-container\">\n\t\t\t\t\t\t\t\t\t<p>SECTION 1 \u2013 WHAT DO WE DO WITH YOUR INFORMATION?<\/p><p>When you make an appointment reservation through our site, we collect personal information such as name, address and email that are kept in a reasonable way and in no case commercialized. We treat your information with respect.<\/p><p>Likewise, when you browse our site, we also automatically receive your computer&#8217;s internet protocol (IP) address in order to provide us with information that helps us learn about your browser and operating system, as well as the location of your computer, which is used for redirection purposes, since the applicable rates may depend on where you are physically located.<\/p><p>We may use your email address to send you information about promotions, or invite you to participate in a survey or study for research purposes only, but in no case do we sell or transfer that information to other organizations for marketing purposes.<\/p><p>SECTION 2 \u2013 CONSENT<\/p><p>How do you get my consent?<\/p><p>When you provide us with your personal information to complete the booking of an appointment, you are consenting to its collection and use for that specific reason only.<\/p><p>If we ask for your personal information for a secondary reason, like marketing, we will either ask you directly for your consent, or provide you with an opportunity to decline.<\/p><p>How can I withdraw my consent?<\/p><p>If after accepting this privacy policy you change your mind, you can withdraw your consent for us to contact you, use or disclosure of your information, at any time, by contacting us through the contact form or by writing to: Dra. Carmen Navarro, Cl\u00ednica de Fertilidad Fertiaguerrevere, Av. Las Am\u00e9ricas, Terrazas de Club H\u00edpico, Torre M\u00e9dica, piso 1, Caracas, 1080, Venezuela.<\/p><p>SECTION 3 \u2013 DISCLOSURE<\/p><p>We may disclose your personal information if we are required to do so by law or if you violate our Terms of Service.<\/p><p>SECTION 4 \u2013 THIRD PARTY SERVICES<\/p><p>In general, the third-party providers used by us will only collect, use and disclose your information to the extent necessary to allow them to perform the services they provide to us.<\/p><p>However, some third-party service providers, such as payment gateways and other payment transaction processors, have their own privacy policies regarding the information we are required to provide to them for purchase-related transactions.<\/p><p>For these providers, we recommend that you read their privacy policies so that you can understand how your personal information will be handled.<\/p><p>In particular, remember that some providers may be located or have facilities that are located in a different jurisdiction than either you or us. So, if you wish to proceed with a transaction involving the services of a third party, your information may be subject to the laws of the jurisdiction(s) in which the service provider or its facilities are located.<\/p><p>Once you leave our website or are redirected to a third party site or application, you are no longer bound by this Privacy Policy or our website Terms of Service.<\/p><p>SECTION 5 \u2013 LINKS<\/p><p>When you click on links in our store, you may be redirected away from our site. We are not responsible for the privacy practices of other sites and we encourage you to read their privacy statements.<\/p><p>SECTION 6 \u2013 SECURITY<\/p><p>To protect your personal information, we take reasonable precautions and follow industry best practices to ensure that it is not inappropriately lost, misused, accessed, disclosed, altered, or destroyed.<\/p><p>We do not collect on our site any information related to your means of payment.<\/p><p>Furthermore, we follow all PCI-DSS requirements and implement additional industry-accepted standards.<\/p><p>SECTION 7 \u2013 AGE OF CONSENT<\/p><p>By using this site, you agree that you are a full age person in your state or province of residence, and that you have given us your consent to allow any of your minor dependents to use this site.<\/p><p>SECTION 8 \u2013 CHANGES TO THIS PRIVACY POLICY<\/p><p>We reserve the right to modify this privacy policy at any time, so please review it frequently. Changes and clarifications will be effective immediately after their publication on the website.<\/p><p>If our site is acquired or merged with another company, your information may be transferred to the new owners, so that we can continue to deal with you.<\/p><p>SECTION 9 \u2013 QUESTIONS AND CONTACT INFORMATION<\/p><p>If you want to: access, correct, amend or delete any personal information we have about you or if you simply want to add more information, please complete the Contact Form to send us your comment or request.<\/p><p>January 17, 2022<\/p>\t\t\t\t\t\t\t\t<\/div>\n\t\t\t\t<\/div>\n\t\t\t\t\t<\/div>\n\t\t<\/div>\n\t\t\t\t\t<\/div>\n\t\t<\/section>\n\t\t\t\t<\/div>\n\t\t","protected":false},"excerpt":{"rendered":"<p>Privacy Policy SECTION 1 \u2013 WHAT DO WE DO WITH YOUR INFORMATION? When you make an appointment reservation through our site, we collect personal information such as name, address and email that are kept in a reasonable way and in no case commercialized. We treat your information with respect. Likewise, when you browse our site, [&hellip;]<\/p>\n","protected":false},"author":1,"featured_media":0,"parent":0,"menu_order":0,"comment_status":"closed","ping_status":"closed","template":"","meta":{"site-sidebar-layout":"no-sidebar","site-content-layout":"page-builder","ast-site-content-layout":"default","site-content-style":"default","site-sidebar-style":"default","ast-global-header-display":"","ast-banner-title-visibility":"","ast-main-header-display":"","ast-hfb-above-header-display":"","ast-hfb-below-header-display":"","ast-hfb-mobile-header-display":"","site-post-title":"disabled","ast-breadcrumbs-content":"","ast-featured-img":"disabled","footer-sml-layout":"","ast-disable-related-posts":"","theme-transparent-header-meta":"","adv-header-id-meta":"","stick-header-meta":"","header-above-stick-meta":"","header-main-stick-meta":"","header-below-stick-meta":"","astra-migrate-meta-layouts":"default","ast-page-background-enabled":"default","ast-page-background-meta":{"desktop":{"background-color":"","background-image":"","background-repeat":"repeat","background-position":"center center","background-size":"auto","background-attachment":"scroll","background-type":"","background-media":"","overlay-type":"","overlay-color":"","overlay-opacity":"","overlay-gradient":""},"tablet":{"background-color":"","background-image":"","background-repeat":"repeat","background-position":"center center","background-size":"auto","background-attachment":"scroll","background-type":"","background-media":"","overlay-type":"","overlay-color":"","overlay-opacity":"","overlay-gradient":""},"mobile":{"background-color":"","background-image":"","background-repeat":"repeat","background-position":"center center","background-size":"auto","background-attachment":"scroll","background-type":"","background-media":"","overlay-type":"","overlay-color":"","overlay-opacity":"","overlay-gradient":""}},"ast-content-background-meta":{"desktop":{"background-color":"var(--ast-global-color-5)","background-image":"","background-repeat":"repeat","background-position":"center center","background-size":"auto","background-attachment":"scroll","background-type":"","background-media":"","overlay-type":"","overlay-color":"","overlay-opacity":"","overlay-gradient":""},"tablet":{"background-color":"var(--ast-global-color-5)","background-image":"","background-repeat":"repeat","background-position":"center center","background-size":"auto","background-attachment":"scroll","background-type":"","background-media":"","overlay-type":"","overlay-color":"","overlay-opacity":"","overlay-gradient":""},"mobile":{"background-color":"var(--ast-global-color-5)","background-image":"","background-repeat":"repeat","background-position":"center center","background-size":"auto","background-attachment":"scroll","background-type":"","background-media":"","overlay-type":"","overlay-color":"","overlay-opacity":"","overlay-gradient":""}},"footnotes":""},"class_list":["post-1345","page","type-page","status-publish","hentry"],"yoast_head":"<!-- This site is optimized with the Yoast SEO plugin v26.8 - https:\/\/yoast.com\/product\/yoast-seo-wordpress\/ -->\n<title>Dr. Carmen Navarro | Privacy Policy<\/title>\n<meta name=\"description\" content=\"Privacy policy\" \/>\n<meta name=\"robots\" content=\"index, follow, max-snippet:-1, max-image-preview:large, max-video-preview:-1\" \/>\n<link rel=\"canonical\" href=\"https:\/\/doctoracarmennavarro.com\/en\/privacy-policy\/\" \/>\n<meta property=\"og:locale\" content=\"en_US\" \/>\n<meta property=\"og:type\" content=\"article\" \/>\n<meta property=\"og:title\" content=\"Dr. Carmen Navarro | Privacy Policy\" \/>\n<meta property=\"og:description\" content=\"Privacy policy\" \/>\n<meta property=\"og:url\" content=\"https:\/\/doctoracarmennavarro.com\/en\/privacy-policy\/\" \/>\n<meta property=\"og:site_name\" content=\"Dra. Carmen Navarro\" \/>\n<meta property=\"article:modified_time\" content=\"2025-01-09T04:42:44+00:00\" \/>\n<meta name=\"twitter:card\" content=\"summary_large_image\" \/>\n<meta name=\"twitter:label1\" content=\"Est. reading time\" \/>\n\t<meta name=\"twitter:data1\" content=\"4 minutes\" \/>\n<script type=\"application\/ld+json\" class=\"yoast-schema-graph\">{\"@context\":\"https:\/\/schema.org\",\"@graph\":[{\"@type\":\"WebPage\",\"@id\":\"https:\/\/doctoracarmennavarro.com\/en\/privacy-policy\/\",\"url\":\"https:\/\/doctoracarmennavarro.com\/en\/privacy-policy\/\",\"name\":\"Dr. Carmen Navarro | Privacy Policy\",\"isPartOf\":{\"@id\":\"https:\/\/doctoracarmennavarro.com\/en\/#website\"},\"datePublished\":\"2022-02-02T18:38:40+00:00\",\"dateModified\":\"2025-01-09T04:42:44+00:00\",\"description\":\"Privacy policy\",\"breadcrumb\":{\"@id\":\"https:\/\/doctoracarmennavarro.com\/en\/privacy-policy\/#breadcrumb\"},\"inLanguage\":\"en-US\",\"potentialAction\":[{\"@type\":\"ReadAction\",\"target\":[\"https:\/\/doctoracarmennavarro.com\/en\/privacy-policy\/\"]}]},{\"@type\":\"BreadcrumbList\",\"@id\":\"https:\/\/doctoracarmennavarro.com\/en\/privacy-policy\/#breadcrumb\",\"itemListElement\":[{\"@type\":\"ListItem\",\"position\":1,\"name\":\"Home\",\"item\":\"https:\/\/doctoracarmennavarro.com\/en\/\"},{\"@type\":\"ListItem\",\"position\":2,\"name\":\"Privacy-Policy\"}]},{\"@type\":\"WebSite\",\"@id\":\"https:\/\/doctoracarmennavarro.com\/en\/#website\",\"url\":\"https:\/\/doctoracarmennavarro.com\/en\/\",\"name\":\"Dr. Carmen Navarro\",\"description\":\"Dra. Carmen Navarro (version Ingl\u00e9s)\",\"potentialAction\":[{\"@type\":\"SearchAction\",\"target\":{\"@type\":\"EntryPoint\",\"urlTemplate\":\"https:\/\/doctoracarmennavarro.com\/en\/?s={search_term_string}\"},\"query-input\":{\"@type\":\"PropertyValueSpecification\",\"valueRequired\":true,\"valueName\":\"search_term_string\"}}],\"inLanguage\":\"en-US\"}]}<\/script>\n<!-- \/ Yoast SEO plugin. -->","yoast_head_json":{"title":"Dr. Carmen Navarro | Privacy Policy","description":"Privacy policy","robots":{"index":"index","follow":"follow","max-snippet":"max-snippet:-1","max-image-preview":"max-image-preview:large","max-video-preview":"max-video-preview:-1"},"canonical":"https:\/\/doctoracarmennavarro.com\/en\/privacy-policy\/","og_locale":"en_US","og_type":"article","og_title":"Dr. Carmen Navarro | Privacy Policy","og_description":"Privacy policy","og_url":"https:\/\/doctoracarmennavarro.com\/en\/privacy-policy\/","og_site_name":"Dra. Carmen Navarro","article_modified_time":"2025-01-09T04:42:44+00:00","twitter_card":"summary_large_image","twitter_misc":{"Est. reading time":"4 minutes"},"schema":{"@context":"https:\/\/schema.org","@graph":[{"@type":"WebPage","@id":"https:\/\/doctoracarmennavarro.com\/en\/privacy-policy\/","url":"https:\/\/doctoracarmennavarro.com\/en\/privacy-policy\/","name":"Dr. Carmen Navarro | Privacy Policy","isPartOf":{"@id":"https:\/\/doctoracarmennavarro.com\/en\/#website"},"datePublished":"2022-02-02T18:38:40+00:00","dateModified":"2025-01-09T04:42:44+00:00","description":"Privacy policy","breadcrumb":{"@id":"https:\/\/doctoracarmennavarro.com\/en\/privacy-policy\/#breadcrumb"},"inLanguage":"en-US","potentialAction":[{"@type":"ReadAction","target":["https:\/\/doctoracarmennavarro.com\/en\/privacy-policy\/"]}]},{"@type":"BreadcrumbList","@id":"https:\/\/doctoracarmennavarro.com\/en\/privacy-policy\/#breadcrumb","itemListElement":[{"@type":"ListItem","position":1,"name":"Home","item":"https:\/\/doctoracarmennavarro.com\/en\/"},{"@type":"ListItem","position":2,"name":"Privacy-Policy"}]},{"@type":"WebSite","@id":"https:\/\/doctoracarmennavarro.com\/en\/#website","url":"https:\/\/doctoracarmennavarro.com\/en\/","name":"Dr. Carmen Navarro","description":"Dra. Carmen Navarro (version Ingl\u00e9s)","potentialAction":[{"@type":"SearchAction","target":{"@type":"EntryPoint","urlTemplate":"https:\/\/doctoracarmennavarro.com\/en\/?s={search_term_string}"},"query-input":{"@type":"PropertyValueSpecification","valueRequired":true,"valueName":"search_term_string"}}],"inLanguage":"en-US"}]}},"_links":{"self":[{"href":"https:\/\/doctoracarmennavarro.com\/en\/wp-json\/wp\/v2\/pages\/1345","targetHints":{"allow":["GET"]}}],"collection":[{"href":"https:\/\/doctoracarmennavarro.com\/en\/wp-json\/wp\/v2\/pages"}],"about":[{"href":"https:\/\/doctoracarmennavarro.com\/en\/wp-json\/wp\/v2\/types\/page"}],"author":[{"embeddable":true,"href":"https:\/\/doctoracarmennavarro.com\/en\/wp-json\/wp\/v2\/users\/1"}],"replies":[{"embeddable":true,"href":"https:\/\/doctoracarmennavarro.com\/en\/wp-json\/wp\/v2\/comments?post=1345"}],"version-history":[{"count":23,"href":"https:\/\/doctoracarmennavarro.com\/en\/wp-json\/wp\/v2\/pages\/1345\/revisions"}],"predecessor-version":[{"id":1816,"href":"https:\/\/doctoracarmennavarro.com\/en\/wp-json\/wp\/v2\/pages\/1345\/revisions\/1816"}],"wp:attachment":[{"href":"https:\/\/doctoracarmennavarro.com\/en\/wp-json\/wp\/v2\/media?parent=1345"}],"curies":[{"name":"wp","href":"https:\/\/api.w.org\/{rel}","templated":true}]}}